{"id":149,"date":"2017-03-15T19:10:31","date_gmt":"2017-03-15T19:10:31","guid":{"rendered":"https:\/\/bockpalast.de\/wp\/?page_id=149"},"modified":"2023-02-06T14:34:15","modified_gmt":"2023-02-06T13:34:15","slug":"impressum","status":"publish","type":"page","link":"https:\/\/bockpalast.de\/wp\/?page_id=149","title":{"rendered":"Impressum"},"content":{"rendered":"<p>Verantwortlich f\u00fcr diese Seite zeichnet der Vorstandsvorsitzende des Bockpalast e.V.:<br \/>\nMarkus Eicke<br \/>\nOrtfeld 16<br \/>\n29342 Bockelskamp<br \/>\nTel. 05149-186333<br \/>\nE-Mail : <a href=\"https:\/\/bockpalast.de\/wp\/?page_id=102\">Kontaktseite<\/a><\/p>\n<p>Webmaster und Service Provider f\u00fcr disen Internetauftritt:<br \/>\nUnternehmensberatung<br \/>\nPeter Piechutzki<br \/>\nRehrkamp 21<br \/>\n29331 Lachendorf<\/p>\n<p><a href=\"https:\/\/www.disclaimer.de\/disclaimer.htm?farbe=8B0000\/FFFFFF\/FF0000\/FF0000\" target=\"_new\" rel=\"noopener\">Haftungsausschluss<\/a><\/p>\n<p><a href=\"https:\/\/bockpalast.de\/?page_id=4825\">Datenschutzerkl\u00e4rung<\/a><\/p>\n<p>Wir betonen ausdr\u00fccklich, dass wir keinerlei Einflu\u00df auf die Gestaltung und die Inhalte der gelinkten Seiten haben. Deshalb distanzieren wir uns hiermit von allen Inhalten aller gelinkten Seiten auf dieser gesamten Website einschlie\u00dflich aller Unterseiten. Diese Erkl\u00e4rung gilt f\u00fcr alle auf dieser Homepage ausgebrachten Links und f\u00fcr alle Inhalte der Seiten, zu denen Links oder Banner f\u00fchren.<\/p>\n","protected":false},"excerpt":{"rendered":"Verantwortlich f\u00fcr diese Seite zeichnet der Vorstandsvorsitzende des Bockpalast e.V.: Markus Eicke Ortfeld 16 29342 Bockelskamp Tel. 05149-186333 E-Mail : Kontaktseite Webmaster und \n<a class=\"moretag\" href=\"https:\/\/bockpalast.de\/wp\/?page_id=149\"> [...]<\/a>","protected":false},"author":2,"featured_media":0,"parent":0,"menu_order":0,"comment_status":"closed","ping_status":"closed","template":"","meta":{"ngg_post_thumbnail":0,"footnotes":""},"class_list":["post-149","page","type-page","status-publish","hentry"],"_links":{"self":[{"href":"https:\/\/bockpalast.de\/wp\/index.php?rest_route=\/wp\/v2\/pages\/149","targetHints":{"allow":["GET"]}}],"collection":[{"href":"https:\/\/bockpalast.de\/wp\/index.php?rest_route=\/wp\/v2\/pages"}],"about":[{"href":"https:\/\/bockpalast.de\/wp\/index.php?rest_route=\/wp\/v2\/types\/page"}],"author":[{"embeddable":true,"href":"https:\/\/bockpalast.de\/wp\/index.php?rest_route=\/wp\/v2\/users\/2"}],"replies":[{"embeddable":true,"href":"https:\/\/bockpalast.de\/wp\/index.php?rest_route=%2Fwp%2Fv2%2Fcomments&post=149"}],"version-history":[{"count":8,"href":"https:\/\/bockpalast.de\/wp\/index.php?rest_route=\/wp\/v2\/pages\/149\/revisions"}],"predecessor-version":[{"id":5256,"href":"https:\/\/bockpalast.de\/wp\/index.php?rest_route=\/wp\/v2\/pages\/149\/revisions\/5256"}],"wp:attachment":[{"href":"https:\/\/bockpalast.de\/wp\/index.php?rest_route=%2Fwp%2Fv2%2Fmedia&parent=149"}],"curies":[{"name":"wp","href":"https:\/\/api.w.org\/{rel}","templated":true}]}}