{"id":151,"date":"2017-03-15T19:10:40","date_gmt":"2017-03-15T19:10:40","guid":{"rendered":"https:\/\/bockpalast.de\/wp\/?page_id=151"},"modified":"2022-04-25T20:16:40","modified_gmt":"2022-04-25T18:16:40","slug":"links","status":"publish","type":"page","link":"https:\/\/bockpalast.de\/wp\/?page_id=151","title":{"rendered":"Links"},"content":{"rendered":"<h1>Links<\/h1>\n<p>Wir betonen ausdr\u00fccklich, dass wir keinerlei Einflu\u00df auf die Gestaltung und die Inhalte der gelinkten Seiten haben. Deshalb distanzieren wir uns hiermit von allen Inhalten aller gelinkten Seiten auf dieser gesamten Website inkl. aller Unterseiten. Diese Erkl\u00e4rung gilt f\u00fcr alle auf dieser Homepage ausgebrachten Links und f\u00fcr alle Inhalte der Seiten, zu denen Links oder Banner f\u00fchren.<\/p>\n<h2>F\u00f6rdergeber 2022<\/h2>\n<p><a href=\"https:\/\/www.initiative-musik.de\/neustart-kultur\/veranstalterinnen-festivals2\/\" target=\"_new\" rel=\"noopener\">Neustart Kultur<\/a><br \/>\n<a href=\"https:\/\/www.initiative-musik.de\/\" target=\"_new\" rel=\"noopener\">Initiative Msuik gGmbH<\/a><br \/>\n<a href=\"https:\/\/www.kulturstaatsministerin.de\" target=\"_new\" rel=\"noopener\">Beauftragte der Bundesregierung f\u00fcr Kultur und Medien (BKM)<\/a><\/p>\n<h2>Befreundete Festivals<\/h2>\n<p><a href=\"http:\/\/www.break-the-ground.de\/\" target=\"_blank\" rel=\"noopener\">Break the Ground Festival<\/a><br \/>\n<a href=\"http:\/\/www.celler-stadtfest.de\/\" target=\"_blank\" rel=\"noopener\">Celler Stadtfest<\/a><br \/>\n<a href=\"http:\/\/www.mai-city-festival.de\/\" target=\"_blank\" rel=\"noopener\">Mai City Festival<\/a><br \/>\n<a href=\"http:\/\/www.rock-im-mai.de\/\" target=\"_blank\" rel=\"noopener\">Rock im Mai Festival<\/a><br \/>\n<a href=\"http:\/\/www.suedwinsen-festival.de\/\" target=\"_blank\" rel=\"noopener\">S\u00fcdwinsen Festival<\/a><br \/>\n<a href=\"http:\/\/www.wutzrock.de\/\" target=\"_blank\" rel=\"noopener\">Wutzrock Festival<\/a><br \/>\n<a href=\"http:\/\/www.roskilde-festival.dk\/\" target=\"_blank\" rel=\"noopener\">Roskilde Festival<\/a><\/p>\n<h2>Bandlinks:<\/h2>\n<p>(sofern wir sie finden konnten)<br \/>\n<a href=\"http:\/\/www.accused.de\/\" target=\"_blank\" rel=\"noopener\">Accused<\/a><br \/>\n<a href=\"http:\/\/www.alde-haern-musik.com\/\" target=\"_blank\" rel=\"noopener\">Alde H\u00e4rn<\/a><br \/>\n<a href=\"http:\/\/www.facebook.com\/pages\/Barracuda-Mitch-and-the-Lady-Tamers\/165389466856313\" target=\"_blank\" rel=\"noopener\">Barracuda Mitch and the Lady Tamers<\/a><br \/>\n<a href=\"https:\/\/www.facebook.com\/basementapes\/\" target=\"_blank\" rel=\"noopener\">Basement Apes<\/a><br \/>\n<a href=\"http:\/\/www.reverbnation.com\/blackmagicsix\" target=\"_blank\" rel=\"noopener\">Black Magic Six<\/a><br \/>\n<a href=\"http:\/\/cforcaroline.de\/\" target=\"_blank\" rel=\"noopener\">C for Caroline<\/a><br \/>\n<a href=\"http:\/\/www.chair-o-plane.de\/\" target=\"_blank\" rel=\"noopener\">Chair-O-Plane<\/a> (ehemals Tallian Gray)<br \/>\n<a href=\"http:\/\/www.chicajojo.de\/\" target=\"_blank\" rel=\"noopener\">Chicajojo<\/a><br \/>\n<a href=\"http:\/\/www.cold-activ.com\/\" target=\"_blank\" rel=\"noopener\">Cold Activ<\/a><br \/>\n<a href=\"http:\/\/www.daddylonglegs.de\/\" target=\"_blank\" rel=\"noopener\">Daddy Long Legs<\/a><br \/>\n<a href=\"https:\/\/www.facebook.com\/deadshepherd\" target=\"_new\" rel=\"noopener\">Dead Shepherd<\/a><br \/>\n<a href=\"https:\/\/www.facebook.com\/DemolitionBastards\" target=\"_new\" rel=\"noopener\">Demolition Bastards<\/a><br \/>\n<a href=\"http:\/\/www.dieweltenretter.com\/\" target=\"_blank\" rel=\"noopener\">Die Weltenretter<\/a><br \/>\n<a href=\"http:\/\/www.myspace.com\/dynamiteroadkill\" target=\"_blank\" rel=\"noopener\">Dynamite Roadkill<\/a><br \/>\n<a href=\"http:\/\/www.myspace.com\/dnagermany\" target=\"_blank\" rel=\"noopener\">D.N.A<\/a><br \/>\n<a href=\"http:\/\/www.drama-king.com\/\" target=\"_blank\" rel=\"noopener\">Drama King<\/a><br \/>\n<a href=\"http:\/\/www.drei-meter-feldweg.de\/\" target=\"_blank\" rel=\"noopener\">Drei Meter Feldweg<\/a><br \/>\n<a href=\"http:\/\/www.d-wall.de\/\" target=\"_blank\" rel=\"noopener\">d-wall<\/a><br \/>\n<a href=\"http:\/\/www.facebook.com\/failedatscoring\" target=\"_blank\" rel=\"noopener\">Failed at Scoring<\/a><br \/>\n<a href=\"http:\/\/www.fireinfairyland.com\/\" target=\"_new\" rel=\"noopener\">Fire in Fairyland<\/a><br \/>\n<a href=\"http:\/\/www.freakoutfamily.com\/\" target=\"_blank\" rel=\"noopener\">Freakoutfamily<\/a><br \/>\n<a href=\"https:\/\/www.facebook.com\/Freight-Train-Hobos-181879025337430\/\" target=\"_blank\" rel=\"noopener\">Freight Train Hobos<\/a><br \/>\n<a href=\"http:\/\/www.gentle-manner.de\/\" target=\"_blank\" rel=\"noopener\">The Gentle Manner<\/a><br \/>\n<a href=\"http:\/\/www.grove-musik.de\/\" target=\"_blank\" rel=\"noopener\">Grove<\/a><br \/>\n<a href=\"http:\/\/www.jinx-band.com\/\" target=\"_blank\" rel=\"noopener\">Jinx Band<\/a><br \/>\n<a href=\"https:\/\/www.facebook.com\/pages\/Just-4-Campfire\/2138797559594282\" target=\"_blank\" rel=\"noopener\">Just 4 Campfire<\/a><br \/>\n<a href=\"http:\/\/knup.bplaced.net\/\" target=\"_blank\" rel=\"noopener\">Knup<\/a><br \/>\n<a href=\"http:\/\/www.lack-of-limits.de\/\" target=\"_blank\" rel=\"noopener\">Lack of Limits<\/a><br \/>\n<a href=\"https:\/\/www.lighthousedown.de\" target=\"_blank\" rel=\"noopener\">Lighthouse Down<\/a><br \/>\n<a href=\"http:\/\/www.louivetton.de\/\" target=\"_blank\" rel=\"noopener\">Loui Vetton<\/a><br \/>\n<a href=\"http:\/\/www.madmansbluesband.de\/\" target=\"_blank\" rel=\"noopener\">Madman\u2019s Bluesband<\/a><br \/>\n<a href=\"http:\/\/www.madmonks.de\/\" target=\"_blank\" rel=\"noopener\">Mad Monks<\/a><br \/>\n<a href=\"http:\/\/www.marys-forbidden-dreams.de\/\" target=\"_blank\" rel=\"noopener\">Marys Forbidden Dreams<\/a><br \/>\n<a href=\"http:\/\/www.muff-band.de\/\" target=\"_blank\" rel=\"noopener\">muff<\/a><br \/>\n<a href=\"https:\/\/mutzmusic.de\/\" target=\"_blank\" rel=\"noopener\">Mutz and the Blackeyed Banditz<\/a><br \/>\n<a href=\"http:\/\/www.nachtsprung.com\/\" target=\"_blank\" rel=\"noopener\">Nachtsprung<\/a><br \/>\n<a href=\"http:\/\/www.nikkipuppet.de\/\" target=\"_blank\" rel=\"noopener\">Nikki Puppet<\/a><br \/>\n<a href=\"http:\/\/www.offlimits.de1.cc\/\" target=\"_blank\" rel=\"noopener\">Off Limits<\/a><br \/>\n<a href=\"http:\/\/www.theordeal.de\/\" target=\"_blank\" rel=\"noopener\">The Ordeal<\/a><br \/>\n<a href=\"https:\/\/de-de.facebook.com\/pages\/Pamass-La-Fuga\/355802011195263\" target=\"_new\" rel=\"noopener\">Pama&#8217;s La Fuga<\/a><br \/>\n<a href=\"http:\/\/www.pencilcase.de\/\" target=\"_blank\" rel=\"noopener\">Pencilcase<\/a><br \/>\n<a href=\"http:\/\/www.piazumanju.de\/\" target=\"_blank\" rel=\"noopener\">Piazumanju<\/a><br \/>\n<a href=\"http:\/\/www.portland-rock.de\/\" target=\"_blank\" rel=\"noopener\">Portland<\/a><br \/>\n<a href=\"http:\/\/www.promises-promises.de\/\" target=\"_blank\" rel=\"noopener\">Promises! Promises!<\/a><br \/>\n<a href=\"https:\/\/www.puretonic.de\/\" target=\"_blank\" rel=\"noopener\">Pure Tonic<\/a><br \/>\n<a href=\"http:\/\/www.remedy.here.de\/\" target=\"_blank\" rel=\"noopener\">Remedy<\/a><br \/>\n<a href=\"http:\/\/www.riefenstahl-music.com\/\" target=\"_blank\" rel=\"noopener\">Riefenstahl<\/a><br \/>\n<a href=\"http:\/\/www.rocktail-theband.com\/\" target=\"_blank\" rel=\"noopener\">Rocktail &#8211; The Band<\/a><br \/>\n<a href=\"http:\/\/www.myspace.com\/rockoutcelle\" target=\"_blank\" rel=\"noopener\">Rock Out<\/a><br \/>\n<a href=\"http:\/\/www.scarbug.de\/\" target=\"_blank\" rel=\"noopener\">Scarbug<\/a><br \/>\n<a href=\"http:\/\/www.myspace.com\/scumdogzband\" target=\"_blank\" rel=\"noopener\">Scumdogz<\/a><br \/>\n<a href=\"http:\/\/www.youtube.com\/watch?v=nQrclnoVopo\" target=\"_new\" rel=\"noopener\">Sexy Chocolate<\/a><br \/>\n<a href=\"http:\/\/www.ska-wars.de\/\" target=\"_blank\" rel=\"noopener\">Ska Wars<\/a><br \/>\n<a href=\"http:\/\/www.sowhat-rockmusic.de\/\" target=\"_blank\" rel=\"noopener\">So What!<\/a><br \/>\n<a href=\"http:\/\/www.stars-and-bars.de\/\" target=\"_blank\" rel=\"noopener\">Stars &amp; Bars<\/a><br \/>\n<a href=\"http:\/\/www.reverbnation.com\/stellarstereo\" target=\"_blank\" rel=\"noopener\">Stellar Stereo<\/a><br \/>\n<a href=\"https:\/\/www.backstagepro.de\/suckitup\" target=\"_blank\" rel=\"noopener\">Suck it Up<\/a><br \/>\n<a href=\" https:=\"\" www.facebook.com=\"\" pages=\"\" t5=\"\" 306507979383070?group_id=\"0&quot;\">T5<\/a><br \/>\n<a href=\"https:\/\/www.backstagepro.de\/thousand-faces\" target=\"_blank\" rel=\"noopener\">Thousand Faces<\/a><br \/>\n<a href=\"http:\/\/www.tobacco-bloom.de\/\" target=\"_blank\" rel=\"noopener\">Tobacco Bloom<\/a><br \/>\n<a href=\"http:\/\/www.twistedstateofmind.com\/\" target=\"_blank\" rel=\"noopener\">Twisted State of Mind<\/a><br \/>\n<a href=\"https:\/\/www.facebook.com\/WaterpistolDriveBy\" target=\"_blank\" rel=\"noopener\">Waterpistol Drive By<\/a><\/p>\n<h2>Andere Freunde<\/h2>\n<p><a href=\"http:\/\/www.bockelskamp.com\/\" target=\"_blank\" rel=\"noopener\">Webseite von Bockelskamp und Flackenhorst<\/a> mit vielen Fotos der Sch\u00fctzenfeste<br \/>\n<a href=\"http:\/\/www.cri-web.de\/\" target=\"_blank\" rel=\"noopener\">Celler Rock Initiative<\/a> (CRI)<br \/>\n<a href=\"http:\/\/www.drumfun.de\/\" target=\"_blank\" rel=\"noopener\">Drum Fun<\/a>&nbsp;Die Schlagzeugschule in Lachendorf<br \/>\n<a href=\"http:\/\/www.schroederfindichgut.de\/\" target=\"_blank\" rel=\"noopener\">Fleischerei Schr\u00f6der<\/a>&nbsp; Partyservice<br \/>\n<a href=\"http:\/\/www.grassyworld.net\/\" target=\"_blank\" rel=\"noopener\">Grassyworld<\/a> Musikmagazin im Netz<br \/>\n<a href=\"http:\/\/www.fruchtwein-beranek.de\/\" target=\"_blank\" rel=\"noopener\">Weinkellerei Beranek<\/a>&nbsp;Dort gibt\u2032s den traumhaften Ederseewein<br \/>\n<a href=\"http:\/\/www.wir-im-flotwedel.de\/\" target=\"_blank\" rel=\"noopener\">WIR im Flotwedel<\/a> eine starke Gemeinschaft<br \/>\n<a href=\"http:\/\/www.worldvision.de\/\" target=\"_blank\" rel=\"noopener\">Worldvision Deutschland e.V.<\/a><\/p>\n","protected":false},"excerpt":{"rendered":"Links Wir betonen ausdr\u00fccklich, dass wir keinerlei Einflu\u00df auf die Gestaltung und die Inhalte der gelinkten Seiten haben. Deshalb distanzieren wir uns hiermit \n<a class=\"moretag\" href=\"https:\/\/bockpalast.de\/wp\/?page_id=151\"> [...]<\/a>","protected":false},"author":2,"featured_media":0,"parent":0,"menu_order":0,"comment_status":"closed","ping_status":"closed","template":"","meta":{"ngg_post_thumbnail":0,"footnotes":""},"class_list":["post-151","page","type-page","status-publish","hentry"],"_links":{"self":[{"href":"https:\/\/bockpalast.de\/wp\/index.php?rest_route=\/wp\/v2\/pages\/151","targetHints":{"allow":["GET"]}}],"collection":[{"href":"https:\/\/bockpalast.de\/wp\/index.php?rest_route=\/wp\/v2\/pages"}],"about":[{"href":"https:\/\/bockpalast.de\/wp\/index.php?rest_route=\/wp\/v2\/types\/page"}],"author":[{"embeddable":true,"href":"https:\/\/bockpalast.de\/wp\/index.php?rest_route=\/wp\/v2\/users\/2"}],"replies":[{"embeddable":true,"href":"https:\/\/bockpalast.de\/wp\/index.php?rest_route=%2Fwp%2Fv2%2Fcomments&post=151"}],"version-history":[{"count":8,"href":"https:\/\/bockpalast.de\/wp\/index.php?rest_route=\/wp\/v2\/pages\/151\/revisions"}],"predecessor-version":[{"id":5180,"href":"https:\/\/bockpalast.de\/wp\/index.php?rest_route=\/wp\/v2\/pages\/151\/revisions\/5180"}],"wp:attachment":[{"href":"https:\/\/bockpalast.de\/wp\/index.php?rest_route=%2Fwp%2Fv2%2Fmedia&parent=151"}],"curies":[{"name":"wp","href":"https:\/\/api.w.org\/{rel}","templated":true}]}}