{"id":1561,"date":"2018-01-16T15:48:31","date_gmt":"2018-01-16T14:48:31","guid":{"rendered":"https:\/\/bockpalast.de\/?page_id=1561"},"modified":"2025-11-07T11:28:30","modified_gmt":"2025-11-07T10:28:30","slug":"photodisplay","status":"publish","type":"page","link":"https:\/\/bockpalast.de\/wp\/?page_id=1561","title":{"rendered":"Bockpalast Bilder"},"content":{"rendered":"\n<p>Das Organisationsteam Bockpalast dokumentiert die Veranstaltung mit Fotos und nutzt diese gem\u00e4\u00df Artikel 6 Absatz 1 DSGVO im Nachgang in diversen Medien. Das wird per Aushang auf dem Gel\u00e4nde bekannt gemacht. Mit Teilnahme an der Veranstaltung erkl\u00e4ren sich die Besucher mit einer Ver\u00f6ffentlichung einverstanden.<\/p>\n\n\nngg_shortcode_0_placeholder","protected":false},"excerpt":{"rendered":"Das Organisationsteam Bockpalast dokumentiert die Veranstaltung mit Fotos und nutzt diese gem\u00e4\u00df Artikel 6 Absatz 1 DSGVO im Nachgang in diversen Medien. Das \n<a class=\"moretag\" href=\"https:\/\/bockpalast.de\/wp\/?page_id=1561\"> [...]<\/a>","protected":false},"author":3,"featured_media":0,"parent":0,"menu_order":0,"comment_status":"closed","ping_status":"closed","template":"","meta":{"ngg_post_thumbnail":0,"footnotes":""},"class_list":["post-1561","page","type-page","status-publish","hentry"],"_links":{"self":[{"href":"https:\/\/bockpalast.de\/wp\/index.php?rest_route=\/wp\/v2\/pages\/1561","targetHints":{"allow":["GET"]}}],"collection":[{"href":"https:\/\/bockpalast.de\/wp\/index.php?rest_route=\/wp\/v2\/pages"}],"about":[{"href":"https:\/\/bockpalast.de\/wp\/index.php?rest_route=\/wp\/v2\/types\/page"}],"author":[{"embeddable":true,"href":"https:\/\/bockpalast.de\/wp\/index.php?rest_route=\/wp\/v2\/users\/3"}],"replies":[{"embeddable":true,"href":"https:\/\/bockpalast.de\/wp\/index.php?rest_route=%2Fwp%2Fv2%2Fcomments&post=1561"}],"version-history":[{"count":8,"href":"https:\/\/bockpalast.de\/wp\/index.php?rest_route=\/wp\/v2\/pages\/1561\/revisions"}],"predecessor-version":[{"id":6716,"href":"https:\/\/bockpalast.de\/wp\/index.php?rest_route=\/wp\/v2\/pages\/1561\/revisions\/6716"}],"wp:attachment":[{"href":"https:\/\/bockpalast.de\/wp\/index.php?rest_route=%2Fwp%2Fv2%2Fmedia&parent=1561"}],"curies":[{"name":"wp","href":"https:\/\/api.w.org\/{rel}","templated":true}]}}