{"id":170,"date":"2017-03-15T20:05:15","date_gmt":"2017-03-15T20:05:15","guid":{"rendered":"https:\/\/bockpalast.de\/wp\/?page_id=170"},"modified":"2023-07-03T13:34:33","modified_gmt":"2023-07-03T11:34:33","slug":"infos","status":"publish","type":"page","link":"https:\/\/bockpalast.de\/wp\/?page_id=170","title":{"rendered":"Infos"},"content":{"rendered":"<h1>\u00d6rtlichkeit \/ Infos \/ Sonstiges<\/h1>\n<h2>Abwasch:<\/h2>\n<p>Seit Corona werden die Getr\u00e4nkebecher nicht mehr auf dem Gel\u00e4nde gesp\u00fclt.&nbsp;<\/p>\n<h2>B\u00e4nzel:<\/h2>\n<p>auch dies Jahr wird es wieder gewebte B\u00e4nzel geben.&nbsp;<\/p>\n<h2>Bier:<\/h2>\n<p>Der Bockpalast mag keinen Kommerz, deshalb ist der Eintritt selbstverst\u00e4ndlich auch frei und die Getr\u00e4nke werden nahezu zum Selbstkostenpreis abgegeben. Auch in diesem Jahr wird es ein Wertmarkensystem geben um die l\u00e4stige Warterei am Bierstand zu mindern. Die Getr\u00e4nke werden ausschlie\u00dflich gegen Vorlage von Bons abgegeben! Die Bons bzw. Wertmarken k\u00f6nnt Ihr an der Info-\/Bonbude erstehen. Selbst mitgebrachte Getr\u00e4nke werden auf dem Festivalgel\u00e4nde sehr ungern gesehen. Denn der Bockpalast finanziert sich ausschlie\u00dflich durch den Verkauf von Speisen und Getr\u00e4nken. Wer also sein Bier selbst mitbringt sch\u00e4digt aktiv den Bockpalast und gef\u00e4hrdet unser Fortbestehen.<\/p>\n<h2>Camping:<\/h2>\n<p>Gleich neben dem Festivalplatz liegt eine sch\u00f6ne Wiese.<\/p>\n<p>Ideal zum Camping geeignet. Wohnmobile und Wohnwagen d\u00fcrfen hier abgestellt und Zelte aufgebaut werden. Auf dem Park- und Campingplatz gilt die StVO (Stra\u00dfen Verkehrs Ordnung). Es ist Schrittgeschwindigkeit zu fahren, achtet auf spielende Kinder und Betrunkene.<\/p>\n<p>Auf dem Park- und Campingplatz sind alle Arten von offenem Feuer aus Feuerschutzgr\u00fcnden leider untersagt. Also kein Grillen, keine Kerzen usw. usf.<\/p>\n<h2>Dauer:<\/h2>\n<p>von Samstag 19:00 bis in den Sonntag hinein.<\/p>\n<h2>Dosen:<\/h2>\n<p>Mitgebrachte Dosen gleich welchen Inhaltes verursachen eine riesige M\u00fcllmenge und tragen nicht unbedingt zur Philosophie des Bockpalastes bei. Also besser zu Hause lassen!<\/p>\n<h2>Eintritt:<\/h2>\n<p>Der Eintritt f\u00fcr den Bockpalast ist frei. Kinder und Senioren erhalten 30 Prozent Erm\u00e4\u00dfigung auf den Eintrittspreis.<\/p>\n<h2>Elefanten:<\/h2>\n<p>Hier gilt das gleiche wie f\u00fcr Hunde.<\/p>\n<h2>Erdm\u00e4nnchen:<\/h2>\n<p>Auch wenn diese possierlichen Tierchen ein \u00e4hnlich gutes Geh\u00f6r haben wie Hunde sind sie ausdr\u00fccklich erw\u00fcnscht. Welch putzigere Kulisse k\u00f6nnten wir uns w\u00fcnschen ?<\/p>\n<h2>Erste Hilfe:<\/h2>\n<p>Es gibt wie jedes Jahr ein Team vom Deutschen Roten Kreuz das sich in der N\u00e4he der B\u00fchne aufh\u00e4lt.<\/p>\n<h2>Finanzierung:<\/h2>\n<p>Der Bockpalast finanziert die Musiker, die B\u00fchne, die Technik, die Dixis, den Strom (den Diesel), die M\u00fcllabfuhr und vieles , vieles mehr rein durch den Getr\u00e4nkeverkauf und ein wenig Standgeb\u00fchr f\u00fcr externes Catering. Bitte sichert uns den Bockpalast indem Ihr keine eigenen Getr\u00e4nke mitbringt.<\/p>\n<h2>Fu\u00dfball:<\/h2>\n<p>Da der Webmaster kein Fu\u00dfballfan ist, gibt&#8217;s an dem Bockpalast Wochenende auch keins! Daf\u00fcr aber jede menge gute Musik!<\/p>\n<h2>Getr\u00e4nkeverkauf:<\/h2>\n<p>Lange Wartezeiten will niemand, schon gar nicht wenn man Durst hat. Wie im letzten Jahr werden wir Getr\u00e4nke ausschlie\u00dflich gegen Vorlage von Wertmarken abgeben. Diese Bons k\u00f6nnen an der Info-\/Bonbude gekauft werden.<\/p>\n<h2>Glas:<\/h2>\n<p>Mit der problematischste M\u00fcll den man sich auf dem Bockpalast vorstellen kann. Scherben bringen ja eigentlich Gl\u00fcck, nicht aber wenn man reintritt und sich dabei verletzt! Das muss nicht unbedingt am gleichen Abend sein, jedoch finden auf dem Gel\u00e4nde im Laufe des Jahres noch andere Veranstaltungen statt. Das gleiche gilt f\u00fcr die angrenzenden Wiesen und \u00c4cker, wobei hier meist Tiere oder Maschinen die leidtragenden sind. F\u00fcr die&nbsp; von uns verkauften Weinflaschen gilt: austrinken und zur\u00fcck damit zum Stand, f\u00fcr alle anderen Flaschen: erst gar nicht mitbringen und wenn versehentlich doch, dann bitte ab damit in die bereitgestellten Tonnen!<\/p>\n<h2>Hunde:<\/h2>\n<p>Denkt daran: ein Hund hat wesentlich empfindlicheres Geh\u00f6r als wir Menschen! Viele wuselnde Menschen irritieren sie\/ihn bis zur Orientierungslosigkeit. Ein Musikfestival ist somit eine echte Belastung f\u00fcr den Vierbeiner und somit absolut kein Platz f\u00fcr Hunde. Sicher habt Ihr die M\u00f6glichkeit sie\/ihn bei Freunden oder Verwandten f\u00fcr den Abend unterzubringen. Au\u00dferdem habt Ihr bestimmt schon von Menschen geh\u00f6rt, die eventuell Angst vor Hunden haben k\u00f6nnten? Anders ausgedr\u00fcckt: wer sein Hund liebt, bringt ihn nicht mit zum Bockpalast.<\/p>\n<h2>Intellektuelle:<\/h2>\n<p>42&nbsp;<\/p>\n<h2>Junge Menschen:<\/h2>\n<p>Schon Richard von Weizs\u00e4cker sagte: &#8222;Nichts schadet einem jungen Menschen mehr als das Gef\u00fchl, keinen Platz zu finden, nicht gebraucht zu werden und von der Gesellschaft ausgeschlossen zu sein.&#8220; Also freut Euch auf die netten Leute und die gute Musik beim Bockpalast. Und wer gerne aktiv im Team mitmachen m\u00f6chte ist herzlich willkommen!<\/p>\n<h2>Kontakt:<\/h2>\n<p>Ihr m\u00f6chtet Kontakt zu uns aufnehmen ? Dann klick <a href=\"https:\/\/bockpalast.de\/wp\/?page_id=102\">hier<\/a> und f\u00fcllt bitte das Formular aus. Vergesst nicht die Absenderinformationen wenn Ihr Antwort erhalten m\u00f6chtet.<\/p>\n<h2>Luxe:<\/h2>\n<p>Warum kommen die Luxe immer so sp\u00e4t?<\/p>\n<h2>M\u00fcll:<\/h2>\n<p>Zur\u00fcckgelassener M\u00fcll stellt f\u00fcr uns sehr viel Arbeit dar. Au\u00dferdem verursacht liegengebliebener M\u00fcll erhebliche Kosten, die wir gerne vermeiden m\u00f6chten. Nicht zuletzt um die Bierpreise f\u00fcr Euch in ertr\u00e4glichem Ma\u00dfe zu halten. Den M\u00fcll (zumindest den, den Ihr mitgebracht habt) nehmt ihr bitte wieder mit nach Hause und lasst ihn nicht auf der Wiese oder im Geb\u00fcsch. <span style=\"font-size: 1rem;\">Die eindringliche Bitte an Euch: Kein M\u00fcll am Camp zur\u00fccklassen, kein M\u00fcll an den Stra\u00dfenr\u00e4ndern oder in den Gr\u00e4ben!! <strong>DANKE<\/strong><\/span><\/p>\n<h2>Nilpferde, Krokodile und andere Reptilien:<\/h2>\n<p>Haben wie die Hunde auch nix auf&#8217;m Festivalgel\u00e4nde zu suchen.<\/p>\n<h2>Notruf<\/h2>\n<p><strong>112<\/strong><\/p>\n<h2>Ordner<\/h2>\n<p>Ordner im klassischen Sinne gibt es bei uns nicht, denn unsere Hierarchien sind gr\u00f6\u00dftenteils flach. Den Anweisungen des Veranstalters und deren Helfer sind trotzdem unbedingt folge zu leisten. Verantwortliche werden ab 2023 an ihrem T-Shirt gut zu erkennen sein.<\/p>\n<h2>Parken:<\/h2>\n<p>Bitte nicht am Wegesrand parken! Nicht nur die Rettungskr\u00e4fte kriegen Probleme durchzukommen, sondern auch die Flora hat darunter zu leiden. Nutzt zum Parken bitte <strong>nur die ausgewiesene Wiese<\/strong>. Platz ist genug da! Motorradfahrer finden f\u00fcr Ihre Bikes wieder einen eigenen Stellplatz auf dem Gel\u00e4nde. Auf dem gesamten Gel\u00e4nde gilt die STVO und es ist Schrittgeschwindigkeit zu fahren. Der Veranstalter haftet nicht f\u00fcr Personen- und Sachsch\u00e4den am Parkplatz.<\/p>\n<h2>Pfandsystem:<\/h2>\n<p>F\u00fcr Bierbecher und Weinflaschen erheben wir ein Pfand. Das Pfand bekommt Ihr selbstverst\u00e4ndlich wieder zur\u00fcck, wenn Ihr die Bierbecher und Weinflaschen an der Pfandbude (meistens in der Mitte zwischen den Getr\u00e4nkebuden) zur\u00fcckgebt.<\/p>\n<h2>Quatsch:<\/h2>\n<p>ein bisschen Quatsch schreiben wir hier rein, um das Alphabet voll zu kriegen \ud83d\ude09<\/p>\n<h2>Rettungswege:<\/h2>\n<p>Auch bei einem solch friedlichem Ereignis wie dem Bockpalast kann einem ein Ungl\u00fcck widerfahren. Bitte achtet unbedingt darauf, dass Ihr insbesondere mit den PKWs nicht die Rettungswege zustellt, was ja auch nicht n\u00f6tig ist: auf den ausgewiesenen Parkwiesen sind gen\u00fcgend Parkpl\u00e4tze vorhanden. Solltet Ihr Leute sehen, die sich nicht daran halten, scheut Euch nicht sie dar\u00fcber aufzukl\u00e4ren welche fatalen Folgen zugestellte Rettungswege haben k\u00f6nnen!<\/p>\n<h2>Streifenh\u00f6rnchen<\/h2>\n<p>Sind im Gegensatz zu Hunden ausdr\u00fccklich erlaubt, jedoch nur eins pro Festival!<\/p>\n<h2>Toiletten:<\/h2>\n<p>Dieses Jahr werden wieder Dixie Toiletten zur Verf\u00fcgung stehen. Liebe Damen, liebe Herren versucht sie bitte so sauber zu halten, wie Ihr sie auch vorzufinden w\u00fcnscht. Ein Daueraufenthalt ist nicht zu empfehlen.<\/p>\n<h2>Umweltschutz:<\/h2>\n<p>Die Felder und Wiesen au\u00dferhalb des Festivalbereichs werden von den \u00f6rtlichen Bauern, denen wir dieses Festival mit zu verdanken haben bewirtschaftet. Haltet Euch daher im Sinne des Bockpalasts auf den Wegen und dem Gel\u00e4nde auf. Zum Thema M\u00fcll ist ja schon alles gesagt.<\/p>\n<h2>Veranstalter:<\/h2>\n<p>Veranstalter ist der Bockpalast e.V. wie auch im <a href=\"https:\/\/bockpalast.de\/wp\/?page_id=149\">Impressum<\/a> beschrieben.<\/p>\n<h2>VW Busse:<\/h2>\n<p>und Busse anderer Marken d\u00fcrfen auf der Wiese zum Camping abgestellt werden.<\/p>\n<h2>Wein:<\/h2>\n<p>der gute Ederseewein steht auch wieder zu moderaten Preisen zur Verf\u00fcgung. Die Fruchtweine sind ein echter Gaumenschmaus! Daneben stehen erlesene Weine in verschiedenen Geschmacksrichtungen zur Verk\u00f6stigung bereit. Prost!&nbsp;<\/p>\n<h2>W\u00fcrstchen, Steaks und Pommes:<\/h2>\n<p>Wie jedes Jahr wird auch diesmal wieder f\u00fcr das leibliche Wohl der Besucher gesorgt werden. Auch die Speisen unterliegen selbstverst\u00e4ndlich unserem antikommerziellen Gedanken und werden soweit m\u00f6glich zum Selbstkostenpreis abgegeben. <em>Unseren<\/em> Pommes <em>d\u00fcrft Ihr aber nicht essen<\/em>!<\/p>\n<h2>Xanthippen:<\/h2>\n<p>Ich h\u00e4tte lieber den gut gebauten Ringer heiraten sollen, der w\u00fcrde nicht so viel reden&#8230;<\/p>\n<h2>Ytong:<\/h2>\n<p>Wollt Ihr wirklich auf dem Gel\u00e4nde ein Haus Bauen? Eine Baugenehmigung werdet Ihr wohl mitten im LSG\/FFH Gebiet niemals erhalten. Also lasst die Steine beruhigt zu Hause und genie\u00dft den Bockpalast wie er dargeboten wird.<\/p>\n<h2>Zelte:<\/h2>\n<p>d\u00fcrfen auf der Wiese zum Camping aufgebaut werden. Achtet auf den begrenzten Platz und \u00fcbertreibt die Gr\u00f6\u00dfe bitte nicht.<\/p>\n","protected":false},"excerpt":{"rendered":"\u00d6rtlichkeit \/ Infos \/ Sonstiges Abwasch: Seit Corona werden die Getr\u00e4nkebecher nicht mehr auf dem Gel\u00e4nde gesp\u00fclt.&nbsp; B\u00e4nzel: auch dies Jahr wird es \n<a class=\"moretag\" href=\"https:\/\/bockpalast.de\/wp\/?page_id=170\"> [...]<\/a>","protected":false},"author":2,"featured_media":0,"parent":0,"menu_order":0,"comment_status":"closed","ping_status":"closed","template":"","meta":{"ngg_post_thumbnail":0,"footnotes":""},"class_list":["post-170","page","type-page","status-publish","hentry"],"_links":{"self":[{"href":"https:\/\/bockpalast.de\/wp\/index.php?rest_route=\/wp\/v2\/pages\/170","targetHints":{"allow":["GET"]}}],"collection":[{"href":"https:\/\/bockpalast.de\/wp\/index.php?rest_route=\/wp\/v2\/pages"}],"about":[{"href":"https:\/\/bockpalast.de\/wp\/index.php?rest_route=\/wp\/v2\/types\/page"}],"author":[{"embeddable":true,"href":"https:\/\/bockpalast.de\/wp\/index.php?rest_route=\/wp\/v2\/users\/2"}],"replies":[{"embeddable":true,"href":"https:\/\/bockpalast.de\/wp\/index.php?rest_route=%2Fwp%2Fv2%2Fcomments&post=170"}],"version-history":[{"count":7,"href":"https:\/\/bockpalast.de\/wp\/index.php?rest_route=\/wp\/v2\/pages\/170\/revisions"}],"predecessor-version":[{"id":5320,"href":"https:\/\/bockpalast.de\/wp\/index.php?rest_route=\/wp\/v2\/pages\/170\/revisions\/5320"}],"wp:attachment":[{"href":"https:\/\/bockpalast.de\/wp\/index.php?rest_route=%2Fwp%2Fv2%2Fmedia&parent=170"}],"curies":[{"name":"wp","href":"https:\/\/api.w.org\/{rel}","templated":true}]}}